{"id":1761,"date":"2025-05-18T17:18:51","date_gmt":"2025-05-18T17:18:51","guid":{"rendered":"https:\/\/marocjour.com\/?page_id=1761"},"modified":"2025-05-18T17:22:37","modified_gmt":"2025-05-18T17:22:37","slug":"terms-and-conditions","status":"publish","type":"page","link":"https:\/\/marocjour.com\/fr\/terms-and-conditions","title":{"rendered":"Termes et conditions"},"content":{"rendered":"<div data-elementor-type=\"wp-page\" data-elementor-id=\"1761\" class=\"elementor elementor-1761\">\n\t\t\t\t<div class=\"elementor-element elementor-element-4c27766 e-flex e-con-boxed e-con e-parent\" data-id=\"4c27766\" data-element_type=\"container\" data-e-type=\"container\">\n\t\t\t\t\t<div class=\"e-con-inner\">\n\t\t\t\t<div class=\"elementor-element elementor-element-750bec1 elementor-widget elementor-widget-heading\" data-id=\"750bec1\" data-element_type=\"widget\" data-e-type=\"widget\" data-widget_type=\"heading.default\">\n\t\t\t\t<div class=\"elementor-widget-container\">\n\t\t\t\t\t<h2 class=\"elementor-heading-title elementor-size-default\">Termes et conditions<\/h2>\t\t\t\t<\/div>\n\t\t\t\t<\/div>\n\t\t\t\t\t<\/div>\n\t\t\t\t<\/div>\n\t\t<div class=\"elementor-element elementor-element-d8e7ed5 e-flex e-con-boxed e-con e-parent\" data-id=\"d8e7ed5\" data-element_type=\"container\" data-e-type=\"container\">\n\t\t\t\t\t<div class=\"e-con-inner\">\n\t\t\t\t<div class=\"elementor-element elementor-element-722a3f0 elementor-widget elementor-widget-text-editor\" data-id=\"722a3f0\" data-element_type=\"widget\" data-e-type=\"widget\" data-widget_type=\"text-editor.default\">\n\t\t\t\t<div class=\"elementor-widget-container\">\n\t\t\t\t\t\t\t\t\t<p class=\"ds-markdown-paragraph\"><span style=\"font-family: inherit; font-size: 1.1rem; font-style: inherit; font-variant-ligatures: inherit; font-variant-caps: inherit; font-weight: inherit;\">Mise \u00e0 jour: 18 Mai 2025<\/span><\/p><p class=\"ds-markdown-paragraph\">Veuillez lire ces termes et Conditions attentivement avant d&#039;utiliser le service.<\/p><h3>Interpr\u00e9tation et d\u00e9finitions<\/h3><h4>Explication<\/h4><p class=\"ds-markdown-paragraph\">Les mots commen\u00e7ant par une majuscule ont des significations sp\u00e9cifiques dans les conditions suivantes. Les d\u00e9finitions suivantes ont la m\u00eame signification si elles apparaissent au singulier ou au pluriel.<\/p><h4>D\u00e9finitions<\/h4><p class=\"ds-markdown-paragraph\">Pour l&#039;application de ces termes et conditions:<\/p><ul><li><p class=\"ds-markdown-paragraph\"><strong>La filiale de l&#039;entreprise<\/strong>: D\u00e9signe une entit\u00e9 contr\u00f4l\u00e9e par, contr\u00f4l\u00e9e par, ou sous le contr\u00f4le commun avec une partie, o\u00f9 le \u201ccontr\u00f4le\u201d signifie la possession de 50% ou plus des parts, des actions ou d&#039;autres titres qui donnent au porteur le droit de vote pour l&#039;\u00e9lection des membres du conseil d&#039;administration ou toute autre autorit\u00e9 administrative.<\/p><\/li><li><p class=\"ds-markdown-paragraph\"><strong>Pays<\/strong>: Maroc<\/p><\/li><li><p class=\"ds-markdown-paragraph\"><strong>La soci\u00e9t\u00e9<\/strong>\u00a0(Ci-apr\u00e8s d\u00e9nomm\u00e9 \u201csoci\u00e9t\u00e9\u201d, \u201cnous\u201d, \u201cNos\u201d ou \u201cnotre\u201d dans le pr\u00e9sent accord): se r\u00e9f\u00e8re \u00e0 \u201cMaroc Gore\u201d.<\/p><\/li><li><p class=\"ds-markdown-paragraph\"><strong>L&#039;appareil<\/strong>: Tout appareil qui peut acc\u00e9der au service de tel qu&#039;un ordinateur, un t\u00e9l\u00e9phone portable ou tablette num\u00e9rique.<\/p><\/li><li><p class=\"ds-markdown-paragraph\"><strong>Service<\/strong>: D\u00e9signe le site internet.<\/p><\/li><li><p class=\"ds-markdown-paragraph\"><strong>Termes et conditions<\/strong>\u00a0(\u00c9galement d\u00e9nomm\u00e9es\u201d conditions&#034;): d\u00e9signe les pr\u00e9sents termes et conditions constituent l&#039;int\u00e9gralit\u00e9 de l&#039;accord entre vous et la soci\u00e9t\u00e9 au sujet de l&#039;utilisation du service. Ces Termes et conditions de l&#039;entente a \u00e9t\u00e9 cr\u00e9\u00e9 avec l&#039;aide des termes et conditions de la cr\u00e9ation de l&#039;outil.<\/p><\/li><li><p class=\"ds-markdown-paragraph\"><strong>De m\u00e9dias sociaux de tiers service<\/strong>: Signifie que tous les services ou contenus (notamment donn\u00e9es, informations, produits ou services) fournis par un tiers qui peut \u00eatre affich\u00e9, inclus ou rendus disponibles par l&#039;interm\u00e9diaire du service.<\/p><\/li><li><p class=\"ds-markdown-paragraph\"><strong>Le site web<\/strong>Il se r\u00e9f\u00e8re \u00e0 &#034;Maruk Jur&#034;, disponible sur le lien:\u00a0<a href=\"https:\/\/marocjour.com\/fr\/\" target=\"_blank\" rel=\"noopener noreferrer\">https:\/\/marocjour.com\/<\/a><\/p><\/li><li><p class=\"ds-markdown-paragraph\"><strong>Vous<\/strong>: Signifie que la personne acc\u00e9dant ou en utilisant le service, ou de la soci\u00e9t\u00e9 ou autre entit\u00e9 juridique que cette personne repr\u00e9sente lors de l&#039;acc\u00e8s ou de l&#039;utilisation du service, selon le cas.<\/p><\/li><\/ul><h3>Accus\u00e9 de r\u00e9ception<\/h3><p class=\"ds-markdown-paragraph\">Ce sont les termes et Conditions r\u00e9gissant l&#039;utilisation de ce service et de l&#039;accord existant entre vous et la soci\u00e9t\u00e9. Ces conditions d\u00e9finissent les droits et obligations de tous les utilisateurs en relation avec l&#039;utilisation du service.<\/p><p class=\"ds-markdown-paragraph\">Votre acc\u00e8s et votre utilisation du service est bas\u00e9e sur l&#039;acceptation et le respect de ces termes et conditions. Ces termes et conditions s&#039;appliquent \u00e0 tous les visiteurs, utilisateurs et d&#039;autres personnes qui ont acc\u00e8s \u00e0 ou utiliser le service.<\/p><p class=\"ds-markdown-paragraph\">En acc\u00e9dant ou en utilisant le service, vous acceptez d&#039;\u00eatre li\u00e9 par ces termes et conditions. Si vous n&#039;\u00eates pas d&#039;accord avec une partie de ces termes et conditions, vous ne pouvez pas acc\u00e9der au service.<\/p><p class=\"ds-markdown-paragraph\">Vous confirmez que vous \u00eates \u00e2g\u00e9 de plus de 18 ans. La soci\u00e9t\u00e9 ne permet \u00e0 personne de moins de 18 ans pour utiliser le service.<\/p><p class=\"ds-markdown-paragraph\">Votre acc\u00e8s et votre utilisation du service d\u00e9pend aussi de votre acceptation et le respect de la Confidentialit\u00e9 de la soci\u00e9t\u00e9 Politique. Notre Politique de Confidentialit\u00e9 d\u00e9crit nos politiques et proc\u00e9dures concernant la collecte, l&#039;utilisation et la divulgation de vos renseignements personnels lorsque vous utilisez l&#039;application ou du site, vous informe sur vos droits \u00e0 la vie priv\u00e9e et la fa\u00e7on dont la loi vous prot\u00e8ge. Veuillez lire notre Politique de Confidentialit\u00e9 attentivement avant d&#039;utiliser le service.<\/p><h3>Des liens vers d&#039;autres sites web<\/h3><p class=\"ds-markdown-paragraph\">Le service peut contenir des liens vers des sites web ou des services \u00e9lectroniques \u00e0 des tiers qui ne sont pas d\u00e9tenues ou contr\u00f4l\u00e9es par l&#039;entreprise.<\/p><p class=\"ds-markdown-paragraph\">La soci\u00e9t\u00e9 n&#039;a aucun contr\u00f4le sur le contenu, les politiques de confidentialit\u00e9 ou les pratiques des sites tiers ou des services en ligne, et n&#039;assume aucune responsabilit\u00e9 pour eux. Vous comprenez et acceptez que la soci\u00e9t\u00e9 ne sera pas responsable ou redevable, directement ou indirectement, pour tout dommage ou perte caus\u00e9 ou pr\u00e9tendument caus\u00e9 par ou en relation avec l&#039;utilisation ou de la confiance sur le contenu, produits ou services disponibles sur ou par l&#039;interm\u00e9diaire de ces sites web ou des services \u00e9lectroniques.<\/p><p class=\"ds-markdown-paragraph\">Nous vous conseillons fortement de lire les termes et conditions et politique de confidentialit\u00e9 de tout site web de tiers ou des services \u00e9lectroniques que vous visitez.<\/p><h3>La r\u00e9siliation<\/h3><p class=\"ds-markdown-paragraph\">Nous pouvons r\u00e9silier ou suspendre votre acc\u00e8s imm\u00e9diatement, sans pr\u00e9avis ni responsabilit\u00e9, pour absolument aucune raison, y compris mais non limit\u00e9 \u00e0 des cas de violation des pr\u00e9sentes modalit\u00e9s et conditions.<\/p><p class=\"ds-markdown-paragraph\">En cas de r\u00e9siliation, votre droit d&#039;utiliser le service prendra fin imm\u00e9diatement.<\/p><h3>Limitation de responsabilit\u00e9<\/h3><p class=\"ds-markdown-paragraph\">Ind\u00e9pendamment de tout dommage que vous pourriez subir, l&#039;int\u00e9gralit\u00e9 de la responsabilit\u00e9 de l&#039;entreprise et de ses fournisseurs en vertu de toute disposition de ces conditions d&#039;utilisation et votre seul recours pour l&#039;ensemble de la ci-dessus est limit\u00e9e au montant que vous avez effectivement pay\u00e9 par le service ou 100$, si vous n&#039;avez pas \u00e0 acheter quoi que ce soit par le biais du service.<\/p><p class=\"ds-markdown-paragraph\">Dans toute la mesure permise par la loi applicable, ni la soci\u00e9t\u00e9, ni ses fournisseurs ne pourront \u00eatre tenus responsables de dommages sp\u00e9ciaux, accessoires, indirects ou cons\u00e9cutifs (y compris, sans limitation, les dommages pour perte de profits, perte de donn\u00e9es ou toute autre information, l&#039;interruption des affaires, de blessure ou de Perte de la vie priv\u00e9e d\u00e9coulant de ou en aucune fa\u00e7on li\u00e9s \u00e0 l&#039;utilisation ou \u00e0 l&#039;incapacite d&#039;utiliser le service, les logiciels tiers et\/ou des appareils utilis\u00e9s avec le service, ou autrement en rapport avec une quelconque disposition de ces termes), m\u00eame si la soci\u00e9t\u00e9 ou de tout fournisseur a \u00e9t\u00e9 averti de la possibilit\u00e9 de tels dommages et m\u00eame si la r\u00e9paration \u00e9choue Dans la r\u00e9alisation de son objectif principal.<\/p><p class=\"ds-markdown-paragraph\">Certains \u00e9tats ne permettent pas l&#039;exclusion de garanties implicites ou la limitation de responsabilit\u00e9 pour dommages accessoires ou indirects, ce qui signifie que certaines des limitations ci-dessus peuvent ne pas s&#039;appliquer. Dans ces \u00e9tats, la responsabilit\u00e9 de chaque partie sera limit\u00e9e dans la mesure maximale permise par la loi.<\/p><h3>Avertissement \u201ctel quel\u201d et\u201dtel QUE DISPONIBLE\u201d<\/h3><p class=\"ds-markdown-paragraph\">Le service est fourni \u201ctel quel\u201det\u201d tel que disponible &#034; avec tous les d\u00e9fauts et les vices, sans aucune garantie d&#039;aucune sorte. Dans toute la mesure permise par la loi applicable, la soci\u00e9t\u00e9, en son nom et au nom de ses soci\u00e9t\u00e9s affili\u00e9es, conc\u00e9dants de licence et fournisseurs de services, d\u00e9cline express\u00e9ment toute garantie, expresse, implicite, l\u00e9gale ou autre, \u00e0 l&#039;\u00e9gard du service, y compris toute garantie implicite de qualit\u00e9 marchande, d&#039;ad\u00e9quation \u00e0 un usage particulier, de non-contrefa\u00e7on et garanties Qui peuvent survenir au cours du traitement, les performances, l&#039;utilisation ou la pratique des affaires. Sans limiter ce qui pr\u00e9c\u00e8de, la soci\u00e9t\u00e9 ne fait aucune garantie ou obligation, et ne fait aucune d\u00e9claration de quelque nature que le service r\u00e9pondra \u00e0 vos exigences, atteindre les r\u00e9sultats escompt\u00e9s, \u00eatre compatible ou de travailler avec d&#039;autres logiciels, d&#039;applications, de syst\u00e8mes ou de services, qu&#039;il fonctionnera sans interruption, de r\u00e9pondre \u00e0 toutes les performances ou la fiabilit\u00e9 de normes ou \u00eatre \u00e0 l&#039;abri d&#039;Erreurs ou que les erreurs ou les d\u00e9fauts peuvent ou pourront \u00eatre corrig\u00e9es.<\/p><p class=\"ds-markdown-paragraph\">Sans limiter ce qui pr\u00e9c\u00e8de, ni la soci\u00e9t\u00e9 ni aucune de l&#039;entreprise les fournisseurs ne font aucune repr\u00e9sentation ou garantie d&#039;aucune sorte, expresse ou implicite: (1) \u00e0 l&#039;\u00e9gard de l&#039;op\u00e9ration ou de la disponibilit\u00e9 des services, les informations, le contenu, les mat\u00e9riaux ou les produits qui y sont inclus; (2) que le service sera ininterrompu ou sans erreur; (3) quant \u00e0 l&#039;exactitude, \u00e0 la fiabilit\u00e9 ou \u00e0 jour de toute information ou contenu transmis via le service; ou (4) que le service, les serveurs, le contenu ou les e-mails envoy\u00e9s par ou pour le compte de l&#039;entreprise sont exempts de virus, les scripts, les chevaux de Troie, vers, logiciels malveillants, des bombes logiques ou tout d&#039;Autres composants nuisibles.<\/p><p class=\"ds-markdown-paragraph\">Certains \u00e9tats ne permettent pas l&#039;exclusion de certains types de garanties ou la limitation des lois applicables sur les droits l\u00e9gaux du consommateur, certaines ou toutes les exclusions et limitations susmentionn\u00e9es peuvent ne pas s&#039;appliquer \u00e0 vous. Mais dans ce cas, les exclusions et limitations contenues dans la pr\u00e9sente section sera appliqu\u00e9e de mani\u00e8re aussi stricte que possible en conformit\u00e9 avec le droit applicable.<\/p><h3>Droit applicable<\/h3><p class=\"ds-markdown-paragraph\">Ces conditions d&#039;utilisation et votre utilisation du service sont r\u00e9gies par les lois du pays, \u00e0 l&#039;exception des r\u00e8gles de conflit de lois. Votre utilisation de l&#039;application peut \u00e9galement \u00eatre soumis \u00e0 d&#039;autres locaux, \u00e9tatiques, nationales ou internationales applicables.<\/p><h3>De r\u00e9solution des litiges<\/h3><p class=\"ds-markdown-paragraph\">Si vous avez un probl\u00e8me ou litige concernant le service, vous vous engagez \u00e0 tenter de r\u00e9soudre le litige de mani\u00e8re informelle en contactant la premi\u00e8re pour l&#039;entreprise.<\/p><h3>Pour les utilisateurs de l&#039;Union Europ\u00e9enne (UE)<\/h3><p class=\"ds-markdown-paragraph\">Si vous \u00eates un consommateur dans l&#039;UNION europ\u00e9enne, vous b\u00e9n\u00e9ficiez des dispositions imp\u00e9ratives de la loi du pays dans lequel vous r\u00e9sidez.<\/p><h3>La conformit\u00e9 avec les lois des \u00e9tats-unis<\/h3><p class=\"ds-markdown-paragraph\">Vous confirmez et garantissez que (1) vous n&#039;\u00eates pas situ\u00e9 dans un pays qui est soumis \u00e0 un embargo du gouvernement des \u00e9tatsunis, ou qui a \u00e9t\u00e9 d\u00e9sign\u00e9 par le gouvernement des \u00e9tats-UNIS comme un pays \u201csoutient le terrorisme\u201d, et (2) que vous n&#039;\u00eates pas sur n&#039;importe quel gouvernement des \u00e9tats-UNIS de la liste des parties interdites ou restreintes.<\/p><h3>Divisibilit\u00e9 et renonciation<\/h3><h4>Divisibilit\u00e9<\/h4><p class=\"ds-markdown-paragraph\">Si une quelconque disposition de ces conditions est jug\u00e9e inapplicable ou invalide, cette disposition sera modifi\u00e9e et interpr\u00e9t\u00e9e pour atteindre ses objectifs dans la mesure du possible par la loi applicable, les autres dispositions resteront en vigueur et de plein effet.<\/p><h4>Abdication<\/h4><p class=\"ds-markdown-paragraph\">Sauf indication contraire, le non-exercice d&#039;un droit ou n&#039;est pas tenu d&#039;ex\u00e9cuter une obligation en vertu de ces conditions n&#039;affectera pas la partie la capacit\u00e9 d&#039;exercer ce droit ou \u00e0 la demande de telles performances \u00e0 tout moment ult\u00e9rieur, et une renonciation \u00e0 toute violation ne constitue pas une renonciation \u00e0 toute violation ult\u00e9rieure.<\/p><h3>L&#039;interpr\u00e9tation de la traduction<\/h3><p class=\"ds-markdown-paragraph\">Ces termes et conditions peuvent \u00eatre traduits si nous vous en fournir sur le service. Vous acceptez que c&#039;est le texte anglais original qui est adopt\u00e9e dans le cas d&#039;un litige.<\/p><h3>Des changements \u00e0 ces termes et conditions<\/h3><p class=\"ds-markdown-paragraph\">Nous nous r\u00e9servons le droit, \u00e0 notre seule discr\u00e9tion, de modifier ou de remplacer les pr\u00e9sentes conditions \u00e0 tout moment. Si la modification est importante, nous ferons des efforts raisonnables pour vous aviser au moins 30 jours avant que les nouvelles conditions prennent effet. Ce qui constitue un changement important sera d\u00e9termin\u00e9 \u00e0 notre seule discr\u00e9tion.<\/p><p class=\"ds-markdown-paragraph\">En continuant d&#039;acc\u00e9der ou d&#039;utiliser le service apr\u00e8s de telles modifications entrent en vigueur, vous acceptez d&#039;\u00eatre li\u00e9 par les conditions modifi\u00e9es. Si vous n&#039;acceptez pas les nouvelles conditions, en tout ou en partie, veuillez cesser d&#039;utiliser le site et le service.<\/p><h3>Contactez-nous<\/h3><p class=\"ds-markdown-paragraph\">Si vous avez des questions concernant ces termes et conditions, vous pouvez nous contacter:<\/p><ul><li><p class=\"ds-markdown-paragraph\">Par e-mail: :\u00a0<a href=\"https:\/\/mailto:contact@marocjour.com\/fr\/\" target=\"_blank\" rel=\"noopener noreferrer\">contact@marocjour.com<\/a><\/p><\/li><\/ul>\t\t\t\t\t\t\t\t<\/div>\n\t\t\t\t<\/div>\n\t\t\t\t\t<\/div>\n\t\t\t\t<\/div>\n\t\t\t\t<\/div>","protected":false},"excerpt":{"rendered":"<p>\u0627\u0644\u0634\u0631\u0648\u0637 \u0648\u0627\u0644\u0623\u062d\u0643\u0627\u0645 \u062a\u0645 \u0627\u0644\u062a\u062d\u062f\u064a\u062b \u0641\u064a: 18 \u0645\u0627\u064a\u0648 2025 \u064a\u0631\u062c\u0649 \u0642\u0631\u0627\u0621\u0629 \u0647\u0630\u0647 \u0627\u0644\u0634\u0631\u0648\u0637 \u0648\u0627\u0644\u0623\u062d\u0643\u0627\u0645 \u0628\u0639\u0646\u0627\u064a\u0629 \u0642\u0628\u0644 \u0627\u0633\u062a\u062e\u062f\u0627\u0645 \u0627\u0644\u062e\u062f\u0645\u0629. \u0627\u0644\u062a\u0641\u0633\u064a\u0631 \u0648\u0627\u0644\u062a\u0639\u0631\u064a\u0641\u0627\u062a \u0627\u0644\u062a\u0641\u0633\u064a\u0631 \u0627\u0644\u0643\u0644\u0645\u0627\u062a \u0627\u0644\u062a\u064a \u062a\u0628\u062f\u0623 \u0628\u062d\u0631\u0648\u0641 \u0643\u0628\u064a\u0631\u0629 \u0644\u0647\u0627 \u0645\u0639\u0627\u0646\u064a \u0645\u062d\u062f\u062f\u0629 \u0641\u064a \u0638\u0644 \u0627\u0644\u0634\u0631\u0648\u0637 \u0627\u0644\u062a\u0627\u0644\u064a\u0629. \u0627\u0644\u062a\u0639\u0631\u064a\u0641\u0627\u062a \u0627\u0644\u062a\u0627\u0644\u064a\u0629 \u0644\u0647\u0627 \u0646\u0641\u0633 \u0627\u0644\u0645\u0639\u0646\u0649 \u0633\u0648\u0627\u0621 \u0638\u0647\u0631\u062a \u0628\u0635\u064a\u063a\u0629 \u0627\u0644\u0645\u0641\u0631\u062f \u0623\u0648 \u0627\u0644\u062c\u0645\u0639. \u0627\u0644\u062a\u0639\u0631\u064a\u0641\u0627\u062a \u0644\u0623\u063a\u0631\u0627\u0636 \u0647\u0630\u0647 \u0627\u0644\u0634\u0631\u0648\u0637 \u0648\u0627\u0644\u0623\u062d\u0643\u0627\u0645: \u0627\u0644\u0634\u0631\u0643\u0629 \u0627\u0644\u062a\u0627\u0628\u0639\u0629: \u062a\u0639\u0646\u064a \u0643\u064a\u0627\u0646\u064b\u0627 \u064a\u062a\u062d\u0643\u0645 \u0641\u064a\u0647 \u0637\u0631\u0641 [&hellip;]<\/p>\n","protected":false},"author":2,"featured_media":0,"parent":0,"menu_order":0,"comment_status":"closed","ping_status":"closed","template":"","meta":{"_monsterinsights_skip_tracking":false,"_monsterinsights_sitenote_active":false,"_monsterinsights_sitenote_note":"","_monsterinsights_sitenote_category":0,"footnotes":""},"class_list":["post-1761","page","type-page","status-publish","hentry"],"blocksy_meta":{"page_title_panel":"","has_hero_section":"disabled","1d03c0975884bb3313cce6dd2f1b30f2":"","hero_section":"type-1","hero_elements":[{"id":"custom_title","enabled":true,"heading_tag":"h1","title":"Home"},{"id":"custom_description","enabled":true,"description_visibility":{"desktop":true,"tablet":true,"mobile":false}},{"id":"custom_meta","enabled":false,"meta_elements":[{"id":"author","enabled":true,"label":"By","has_author_avatar":"yes","avatar_size":25},{"id":"post_date","enabled":true,"label":"On","date_format_source":"default","date_format":"M j, Y"},{"id":"updated_date","enabled":false,"label":"On","date_format_source":"default","date_format":"M j, Y"},{"id":"categories","enabled":false,"label":"In","style":"simple"},{"id":"comments","enabled":true}],"page_meta_elements":{"joined":true,"articles_count":true,"comments":true}},{"id":"breadcrumbs","enabled":false}],"297f415109f6d68645364fc3ee8b300d":"","hero_alignment1":"CT_CSS_SKIP_RULE","hero_margin":40,"hero_alignment2":"center","hero_vertical_alignment":"center","fd7b944a1016f6997ff05cca28a86507":"","hero_structure":"narrow","725835a220a806d2dede541683191d01":"","page_title_bg_type":"featured_image","custom_hero_background":{"attachment_id":null},"page_title_image_size":"full","parallax":{"desktop":false,"tablet":false,"mobile":false},"b75289ee406e0a1a57fb3394b341d4b2":"","hero_height":"250px","pageTitleFont":{"family":"Default","variation":"Default","size":"30px","line-height":"CT_CSS_SKIP_RULE","letter-spacing":"CT_CSS_SKIP_RULE","text-transform":"CT_CSS_SKIP_RULE","text-decoration":"CT_CSS_SKIP_RULE"},"pageTitleFontColor":{"default":{"color":"CT_CSS_SKIP_RULEDEFAULT"}},"pageMetaFont":{"family":"Default","variation":"n6","size":"12px","line-height":"1.3","letter-spacing":"CT_CSS_SKIP_RULE","text-transform":"uppercase","text-decoration":"CT_CSS_SKIP_RULE"},"pageMetaFontColor":{"default":{"color":"CT_CSS_SKIP_RULEDEFAULT"},"hover":{"color":"CT_CSS_SKIP_RULEDEFAULT"}},"page_meta_button_type_font_colors":{"default":{"color":"CT_CSS_SKIP_RULEDEFAULT"},"hover":{"color":"CT_CSS_SKIP_RULEDEFAULT"}},"page_meta_button_type_background_colors":{"default":{"color":"CT_CSS_SKIP_RULEDEFAULT"},"hover":{"color":"CT_CSS_SKIP_RULEDEFAULT"}},"pageExcerptFont":{"family":"Default","variation":"Default","size":"CT_CSS_SKIP_RULE","line-height":"CT_CSS_SKIP_RULE","letter-spacing":"CT_CSS_SKIP_RULE","text-transform":"CT_CSS_SKIP_RULE","text-decoration":"CT_CSS_SKIP_RULE"},"pageExcerptColor":{"default":{"color":"CT_CSS_SKIP_RULEDEFAULT"}},"breadcrumbsFont":{"family":"Default","variation":"Default","size":"CT_CSS_SKIP_RULE","line-height":"CT_CSS_SKIP_RULE","letter-spacing":"CT_CSS_SKIP_RULE","text-transform":"CT_CSS_SKIP_RULE","text-decoration":"CT_CSS_SKIP_RULE"},"breadcrumbsFontColor":{"default":{"color":"CT_CSS_SKIP_RULEDEFAULT"},"initial":{"color":"CT_CSS_SKIP_RULEDEFAULT"},"hover":{"color":"CT_CSS_SKIP_RULEDEFAULT"}},"pageTitleOverlay":{"background_type":"color","background_pattern":"type-1","background_image":{"attachment_id":null,"x":0,"y":0},"gradient":"linear-gradient(135deg,rgba(6,147,227,1) 0%,rgb(155,81,224) 100%)","background_repeat":"repeat","background_size":"auto","background_attachment":"scroll","patternColor":{"default":{"color":"#e5e7ea"}},"overlayColor":{"default":{"color":"CT_CSS_SKIP_RULE"}},"backgroundColor":{"default":{"color":"CT_CSS_SKIP_RULE"}}},"pageTitleBackground":{"background_type":"color","background_pattern":"type-1","background_image":{"attachment_id":null,"x":0,"y":0},"gradient":"linear-gradient(135deg,rgba(6,147,227,1) 0%,rgb(155,81,224) 100%)","background_repeat":"repeat","background_size":"auto","background_attachment":"scroll","patternColor":{"default":{"color":"#e5e7ea"}},"overlayColor":{"default":{"color":"CT_CSS_SKIP_RULE"}},"backgroundColor":{"default":{"color":"var(--theme-palette-color-6)"}}},"pageTitlePadding":{"top":"50px","bottom":"50px","left":"auto","right":"auto","linked":true},"52e632a4882fbb110ac4f3f941ac88e6":"","page_structure_type":"default","3e83552c4a6b912d9fa29eff61d1cc2c":"","content_style_source":"inherit","content_style":"wide","vertical_spacing_source":"custom","content_area_spacing":"none","background":{"background_type":"color","background_pattern":"type-1","background_image":{"attachment_id":null,"x":0,"y":0},"gradient":"linear-gradient(135deg,rgba(6,147,227,1) 0%,rgb(155,81,224) 100%)","background_repeat":"repeat","background_size":"auto","background_attachment":"scroll","patternColor":{"default":{"color":"#e5e7ea"}},"overlayColor":{"default":{"color":"CT_CSS_SKIP_RULE"}},"backgroundColor":{"default":{"color":"CT_CSS_SKIP_RULE"}}},"content_background":{"background_type":"color","background_pattern":"type-1","background_image":{"attachment_id":null,"x":0,"y":0},"gradient":"linear-gradient(135deg,rgba(6,147,227,1) 0%,rgb(155,81,224) 100%)","background_repeat":"repeat","background_size":"auto","background_attachment":"scroll","patternColor":{"default":{"color":"#e5e7ea"}},"overlayColor":{"default":{"color":"CT_CSS_SKIP_RULE"}},"backgroundColor":{"default":{"color":"var(--theme-palette-color-8)"}}},"content_boxed_shadow":{"inherit":false,"blur":18,"spread":-6,"v_offset":12,"h_offset":0,"inset":false,"enable":true,"color":{"color":"rgba(34, 56, 101, 0.04)"}},"content_boxed_border":{"width":1,"style":"none","color":{"color":"rgba(44,62,80,0.2)"}},"content_boxed_radius":{"top":"3px","bottom":"3px","left":"3px","right":"3px","linked":true},"boxed_content_spacing":{"desktop":{"top":"40px","bottom":"40px","left":"40px","right":"40px","linked":true},"tablet":{"top":"35px","bottom":"35px","left":"35px","right":"35px","linked":true},"mobile":{"top":"20px","bottom":"20px","left":"20px","right":"20px","linked":true}},"62eb854e9eef5c3ecdd8032d26f48ece":"","disable_featured_image":"no","disable_share_box":"no","disable_header":"no","disable_footer":"no","styles_descriptor":{"styles":{"desktop":"","tablet":"","mobile":""},"google_fonts":[],"version":6}},"_links":{"self":[{"href":"https:\/\/marocjour.com\/fr\/wp-json\/wp\/v2\/pages\/1761","targetHints":{"allow":["GET"]}}],"collection":[{"href":"https:\/\/marocjour.com\/fr\/wp-json\/wp\/v2\/pages"}],"about":[{"href":"https:\/\/marocjour.com\/fr\/wp-json\/wp\/v2\/types\/page"}],"author":[{"embeddable":true,"href":"https:\/\/marocjour.com\/fr\/wp-json\/wp\/v2\/users\/2"}],"replies":[{"embeddable":true,"href":"https:\/\/marocjour.com\/fr\/wp-json\/wp\/v2\/comments?post=1761"}],"version-history":[{"count":6,"href":"https:\/\/marocjour.com\/fr\/wp-json\/wp\/v2\/pages\/1761\/revisions"}],"predecessor-version":[{"id":1767,"href":"https:\/\/marocjour.com\/fr\/wp-json\/wp\/v2\/pages\/1761\/revisions\/1767"}],"wp:attachment":[{"href":"https:\/\/marocjour.com\/fr\/wp-json\/wp\/v2\/media?parent=1761"}],"curies":[{"name":"wp","href":"https:\/\/api.w.org\/{rel}","templated":true}]}}