{"id":1704,"date":"2025-05-15T12:33:46","date_gmt":"2025-05-15T12:33:46","guid":{"rendered":"https:\/\/marocjour.com\/?page_id=1704"},"modified":"2025-05-29T20:27:58","modified_gmt":"2025-05-29T20:27:58","slug":"prayer-time","status":"publish","type":"page","link":"https:\/\/marocjour.com\/fr\/prayer-time","title":{"rendered":"prayer-time"},"content":{"rendered":"\t\t<div data-elementor-type=\"wp-page\" data-elementor-id=\"1704\" class=\"elementor elementor-1704\">\n\t\t\t\t<div class=\"elementor-element elementor-element-217861a e-flex e-con-boxed e-con e-parent\" data-id=\"217861a\" data-element_type=\"container\" data-e-type=\"container\">\n\t\t\t\t\t<div class=\"e-con-inner\">\n\t\t\t\t<div class=\"elementor-element elementor-element-1aa65cc elementor-widget elementor-widget-html\" data-id=\"1aa65cc\" data-element_type=\"widget\" data-e-type=\"widget\" data-widget_type=\"html.default\">\n\t\t\t\t<div class=\"elementor-widget-container\">\n\t\t\t\t\t    <style>\r\n        .hero {\r\n            text-align: center;\r\n            color: white;\r\n        }\r\n        .hero h2 {\r\n            font-size: 2.5rem;\r\n            margin-bottom: 20px;\r\n        }\r\n        .hero p {\r\n            font-size: 1.5rem;\r\n            max-width: 700px;\r\n            margin: 0 auto 30px;\r\n            color: black;\r\n        }\r\n        .search-box {\r\n            max-width: 600px;\r\n            margin: 0 auto;\r\n            display: flex;\r\n            background: white;\r\n            border-radius: 50px;\r\n            overflow: hidden;\r\n            box-shadow: 0 5px 15px rgba(0,0,0,0.1);\r\n        }\r\n        .search-box select {\r\n            flex: 1;\r\n            border: none;\r\n            outline: none;\r\n            font-size: 1rem;\r\n            appearance: none;\r\n            background: white;\r\n            color: #333;\r\n        }\r\n        .search-box button {\r\n            background-color: #222;\r\n            color: white;\r\n            border: none;\r\n            padding: 0 25px;\r\n            cursor: pointer;\r\n            font-weight: 600;\r\n            transition: background 0.3s;\r\n        }\r\n        .search-box button:hover {\r\n            background-color: #444;\r\n        }\r\n    <\/style>\r\n\r\n    <section class=\"hero\">\r\n        <div class=\"container\">\r\n                            <h2>Consultez les horaires de pri\u00e8re dans votre ville<\/h2>\r\n                <p>Heures de pri\u00e8re pr\u00e9cises mises \u00e0 jour quotidiennement pour chaque ville du Maroc<\/p>\r\n            \r\n            <div class=\"search-box\">\r\n                <select name=\"prayer_city\" id=\"prayer_city\">\r\n                    <option value=\"\">S\u00e9lectionnez une ville<\/option>\r\n                                            <option value=\"Casablanca\" data-id=\"1\" data-slug=\"casablanca\">\r\n                            Casablanca                        <\/option>\r\n                                            <option value=\"Oujda\" data-id=\"2\" data-slug=\"oujda\">\r\n                            Oujda                        <\/option>\r\n                                            <option value=\"Mekn\u00e8s\" data-id=\"3\" data-slug=\"meknes\">\r\n                            Mekn\u00e8s                        <\/option>\r\n                                            <option value=\"El Jadida\" data-id=\"4\" data-slug=\"el-jadida\">\r\n                            El Jadida                        <\/option>\r\n                                            <option value=\"Tan-Tan\" data-id=\"5\" data-slug=\"tan-tan\">\r\n                            Tan-Tan                        <\/option>\r\n                                            <option value=\"Agadir\" data-id=\"6\" data-slug=\"agadir\">\r\n                            Agadir                        <\/option>\r\n                                            <option value=\"Safi\" data-id=\"7\" data-slug=\"safi\">\r\n                            Safi                        <\/option>\r\n                                            <option value=\"Nador\" data-id=\"8\" data-slug=\"nador\">\r\n                            Nador                        <\/option>\r\n                                            <option value=\"Tinghir\" data-id=\"9\" data-slug=\"tinghir\">\r\n                            Tinghir                        <\/option>\r\n                                            <option value=\"Rissani\" data-id=\"10\" data-slug=\"rissani\">\r\n                            Rissani                        <\/option>\r\n                                            <option value=\"Skhirat\" data-id=\"11\" data-slug=\"skhirat\">\r\n                            Skhirat                        <\/option>\r\n                                            <option value=\"Tiflet\" data-id=\"12\" data-slug=\"tiflet\">\r\n                            Tiflet                        <\/option>\r\n                                    <\/select>\r\n                <button onclick=\"handlePrayerSearch()\"><i class=\"fas fa-search\"><\/i> Rechercher<\/button>\r\n            <\/div>\r\n        <\/div>\r\n    <\/section>\r\n\r\n    <script>\r\n        function handlePrayerSearch() {\r\n            const select = document.getElementById('prayer_city');\r\n            const selectedOption = select.options[select.selectedIndex];\r\n\r\n            const cityId = selectedOption.getAttribute('data-id');\r\n            const slug = selectedOption.getAttribute('data-slug');\r\n\r\n            if (cityId && slug) {\r\n                window.location.href = '\/prayer-time\/' + encodeURIComponent(cityId) + '\/' + encodeURIComponent(slug);\r\n            } else {\r\n                alert('Veuillez s\u00e9lectionner une ville.');\r\n            }\r\n        }\r\n    <\/script>\r\n\r\n    <div style=\"max-width: 800px;margin: 0 auto;\">\r\n                    <h2 class=\"subtitle\">Foire Aux Questions (FAQ)<\/h2>\r\n            <div>\r\n                <h3 class=\"subtitle\">Comment sont calcul\u00e9s les horaires de pri\u00e8re ?<\/h3>\r\n                <div>Les horaires sont bas\u00e9s sur des calculs astronomiques pr\u00e9cis, en tenant compte de la position g\u00e9ographique de chaque ville au Maroc.<\/div>\r\n            <\/div>\r\n            <div>\r\n                <h3 class=\"subtitle\">Les horaires changent-ils chaque jour ?<\/h3>\r\n                <div>Oui, les horaires de pri\u00e8re \u00e9voluent quotidiennement en fonction du lever et coucher du soleil. Veuillez consulter la mise \u00e0 jour chaque jour.<\/div>\r\n            <\/div>\r\n            <div>\r\n                <h3 class=\"subtitle\">Puis-je voir les horaires pour toute la semaine ?<\/h3>\r\n                <div>Actuellement, seules les heures d\u2019aujourd\u2019hui sont disponibles. Les horaires hebdomadaires seront bient\u00f4t ajout\u00e9s.<\/div>\r\n            <\/div>\r\n            <\/div>\r\n    \t\t\t\t<\/div>\n\t\t\t\t<\/div>\n\t\t\t\t\t<\/div>\n\t\t\t\t<\/div>\n\t\t\t\t<\/div>\n\t\t","protected":false},"excerpt":{"rendered":"","protected":false},"author":2,"featured_media":0,"parent":0,"menu_order":0,"comment_status":"closed","ping_status":"closed","template":"","meta":{"_monsterinsights_skip_tracking":false,"_monsterinsights_sitenote_active":false,"_monsterinsights_sitenote_note":"","_monsterinsights_sitenote_category":0,"footnotes":""},"class_list":["post-1704","page","type-page","status-publish","hentry"],"blocksy_meta":{"page_title_panel":"","has_hero_section":"disabled","97ee15f25a4197e406aa66b5a6e1cc4a":"","hero_section":"type-1","hero_elements":[{"id":"custom_title","enabled":true,"heading_tag":"h1","title":"Home"},{"id":"custom_description","enabled":true,"description_visibility":{"desktop":true,"tablet":true,"mobile":false}},{"id":"custom_meta","enabled":false,"meta_elements":[{"id":"author","enabled":true,"label":"By","has_author_avatar":"yes","avatar_size":25},{"id":"post_date","enabled":true,"label":"On","date_format_source":"default","date_format":"M j, Y"},{"id":"updated_date","enabled":false,"label":"On","date_format_source":"default","date_format":"M j, Y"},{"id":"categories","enabled":false,"label":"In","style":"simple"},{"id":"comments","enabled":true}],"page_meta_elements":{"joined":true,"articles_count":true,"comments":true}},{"id":"breadcrumbs","enabled":false}],"e383a482344f65eacb9516af82d8ed80":"","hero_alignment1":"CT_CSS_SKIP_RULE","hero_margin":40,"hero_alignment2":"center","hero_vertical_alignment":"center","aa7b568f8a77bfd0b9648c22ccb00685":"","hero_structure":"narrow","b4ba0b41affd6111d96beeceb6f9817f":"","page_title_bg_type":"featured_image","custom_hero_background":{"attachment_id":null},"page_title_image_size":"full","parallax":{"desktop":false,"tablet":false,"mobile":false},"14d5fc5fd9b9278b692d6150f1075e8a":"","hero_height":"250px","pageTitleFont":{"family":"Default","variation":"Default","size":"30px","line-height":"CT_CSS_SKIP_RULE","letter-spacing":"CT_CSS_SKIP_RULE","text-transform":"CT_CSS_SKIP_RULE","text-decoration":"CT_CSS_SKIP_RULE"},"pageTitleFontColor":{"default":{"color":"CT_CSS_SKIP_RULEDEFAULT"}},"pageMetaFont":{"family":"Default","variation":"n6","size":"12px","line-height":"1.3","letter-spacing":"CT_CSS_SKIP_RULE","text-transform":"uppercase","text-decoration":"CT_CSS_SKIP_RULE"},"pageMetaFontColor":{"default":{"color":"CT_CSS_SKIP_RULEDEFAULT"},"hover":{"color":"CT_CSS_SKIP_RULEDEFAULT"}},"page_meta_button_type_font_colors":{"default":{"color":"CT_CSS_SKIP_RULEDEFAULT"},"hover":{"color":"CT_CSS_SKIP_RULEDEFAULT"}},"page_meta_button_type_background_colors":{"default":{"color":"CT_CSS_SKIP_RULEDEFAULT"},"hover":{"color":"CT_CSS_SKIP_RULEDEFAULT"}},"pageExcerptFont":{"family":"Default","variation":"Default","size":"CT_CSS_SKIP_RULE","line-height":"CT_CSS_SKIP_RULE","letter-spacing":"CT_CSS_SKIP_RULE","text-transform":"CT_CSS_SKIP_RULE","text-decoration":"CT_CSS_SKIP_RULE"},"pageExcerptColor":{"default":{"color":"CT_CSS_SKIP_RULEDEFAULT"}},"breadcrumbsFont":{"family":"Default","variation":"Default","size":"CT_CSS_SKIP_RULE","line-height":"CT_CSS_SKIP_RULE","letter-spacing":"CT_CSS_SKIP_RULE","text-transform":"CT_CSS_SKIP_RULE","text-decoration":"CT_CSS_SKIP_RULE"},"breadcrumbsFontColor":{"default":{"color":"CT_CSS_SKIP_RULEDEFAULT"},"initial":{"color":"CT_CSS_SKIP_RULEDEFAULT"},"hover":{"color":"CT_CSS_SKIP_RULEDEFAULT"}},"pageTitleOverlay":{"background_type":"color","background_pattern":"type-1","background_image":{"attachment_id":null,"x":0,"y":0},"gradient":"linear-gradient(135deg,rgba(6,147,227,1) 0%,rgb(155,81,224) 100%)","background_repeat":"repeat","background_size":"auto","background_attachment":"scroll","patternColor":{"default":{"color":"#e5e7ea"}},"overlayColor":{"default":{"color":"CT_CSS_SKIP_RULE"}},"backgroundColor":{"default":{"color":"CT_CSS_SKIP_RULE"}}},"pageTitleBackground":{"background_type":"color","background_pattern":"type-1","background_image":{"attachment_id":null,"x":0,"y":0},"gradient":"linear-gradient(135deg,rgba(6,147,227,1) 0%,rgb(155,81,224) 100%)","background_repeat":"repeat","background_size":"auto","background_attachment":"scroll","patternColor":{"default":{"color":"#e5e7ea"}},"overlayColor":{"default":{"color":"CT_CSS_SKIP_RULE"}},"backgroundColor":{"default":{"color":"var(--theme-palette-color-6)"}}},"pageTitlePadding":{"top":"50px","bottom":"50px","left":"auto","right":"auto","linked":true},"202f0cbc398d714e048b39197ae71e6d":"","page_structure_type":"default","854bd40f7f8b4d7a95aa3e0f49708ea4":"","content_style_source":"inherit","content_style":"wide","vertical_spacing_source":"custom","content_area_spacing":"none","background":{"background_type":"color","background_pattern":"type-1","background_image":{"attachment_id":null,"x":0,"y":0},"gradient":"linear-gradient(135deg,rgba(6,147,227,1) 0%,rgb(155,81,224) 100%)","background_repeat":"repeat","background_size":"auto","background_attachment":"scroll","patternColor":{"default":{"color":"#e5e7ea"}},"overlayColor":{"default":{"color":"CT_CSS_SKIP_RULE"}},"backgroundColor":{"default":{"color":"CT_CSS_SKIP_RULE"}}},"content_background":{"background_type":"color","background_pattern":"type-1","background_image":{"attachment_id":null,"x":0,"y":0},"gradient":"linear-gradient(135deg,rgba(6,147,227,1) 0%,rgb(155,81,224) 100%)","background_repeat":"repeat","background_size":"auto","background_attachment":"scroll","patternColor":{"default":{"color":"#e5e7ea"}},"overlayColor":{"default":{"color":"CT_CSS_SKIP_RULE"}},"backgroundColor":{"default":{"color":"var(--theme-palette-color-8)"}}},"content_boxed_shadow":{"inherit":false,"blur":18,"spread":-6,"v_offset":12,"h_offset":0,"inset":false,"enable":true,"color":{"color":"rgba(34, 56, 101, 0.04)"}},"content_boxed_border":{"width":1,"style":"none","color":{"color":"rgba(44,62,80,0.2)"}},"content_boxed_radius":{"top":"3px","bottom":"3px","left":"3px","right":"3px","linked":true},"boxed_content_spacing":{"desktop":{"top":"40px","bottom":"40px","left":"40px","right":"40px","linked":true},"tablet":{"top":"35px","bottom":"35px","left":"35px","right":"35px","linked":true},"mobile":{"top":"20px","bottom":"20px","left":"20px","right":"20px","linked":true}},"b0da049bbc9a67cf3a03559f10c8de95":"","disable_featured_image":"no","disable_share_box":"no","disable_header":"no","disable_footer":"no","styles_descriptor":{"styles":{"desktop":"","tablet":"","mobile":""},"google_fonts":[],"version":6}},"_links":{"self":[{"href":"https:\/\/marocjour.com\/fr\/wp-json\/wp\/v2\/pages\/1704","targetHints":{"allow":["GET"]}}],"collection":[{"href":"https:\/\/marocjour.com\/fr\/wp-json\/wp\/v2\/pages"}],"about":[{"href":"https:\/\/marocjour.com\/fr\/wp-json\/wp\/v2\/types\/page"}],"author":[{"embeddable":true,"href":"https:\/\/marocjour.com\/fr\/wp-json\/wp\/v2\/users\/2"}],"replies":[{"embeddable":true,"href":"https:\/\/marocjour.com\/fr\/wp-json\/wp\/v2\/comments?post=1704"}],"version-history":[{"count":8,"href":"https:\/\/marocjour.com\/fr\/wp-json\/wp\/v2\/pages\/1704\/revisions"}],"predecessor-version":[{"id":1852,"href":"https:\/\/marocjour.com\/fr\/wp-json\/wp\/v2\/pages\/1704\/revisions\/1852"}],"wp:attachment":[{"href":"https:\/\/marocjour.com\/fr\/wp-json\/wp\/v2\/media?parent=1704"}],"curies":[{"name":"wp","href":"https:\/\/api.w.org\/{rel}","templated":true}]}}