{"id":1536,"date":"2025-04-30T00:38:03","date_gmt":"2025-04-30T00:38:03","guid":{"rendered":"https:\/\/marocjour.com\/?page_id=1536"},"modified":"2025-05-29T20:24:30","modified_gmt":"2025-05-29T20:24:30","slug":"horaires-des-bus-marocains","status":"publish","type":"page","link":"https:\/\/marocjour.com\/fr\/horaires-des-bus-marocains","title":{"rendered":"Horaires-des-bus-marocains"},"content":{"rendered":"<div data-elementor-type=\"wp-page\" data-elementor-id=\"1536\" class=\"elementor elementor-1536\">\n\t\t\t\t<div class=\"elementor-element elementor-element-217861a e-flex e-con-boxed e-con e-parent\" data-id=\"217861a\" data-element_type=\"container\" data-e-type=\"container\">\n\t\t\t\t\t<div class=\"e-con-inner\">\n\t\t\t\t<div class=\"elementor-element elementor-element-1aa65cc elementor-widget elementor-widget-html\" data-id=\"1aa65cc\" data-element_type=\"widget\" data-e-type=\"widget\" data-widget_type=\"html.default\">\n\t\t\t\t<div class=\"elementor-widget-container\">\n\t\t\t\t\t\r\n        <div style=\"max-width: 800px;margin: auto; line-height: 1.6;padding-bottom:20px\">\r\n        <div class=\"bus_form\" dir=\"ltr\">\r\n            <h2 class=\"search-title\">Trouvez votre trajet en bus au Maroc<\/h2>\r\n            <form class=\"search-form\" method=\"get\" action=\"\/fr\/resultats-recherche\/\" dir=\"ltr\" data-trp-original-action=\"\/fr\/resultats-recherche\">\r\n                <div class=\"form-group\">\r\n                    <i class=\"fas fa-map-marker-alt\"><\/i>\r\n                    <select name=\"depart\" required>\r\n                        <option value=\"\">S\u00e9lectionner le d\u00e9part<\/option>\r\n                        <option value='1'>Tetouan<\/option><option value='3'>Rabat<\/option><option value='4'>Casablanca<\/option><option value='5'>Benguerir<\/option><option value='6'>Demnate<\/option><option value='7'>Tanger<\/option><option value='8'>Fnideq<\/option><option value='9'>Chefchaouen<\/option><option value='10'>Ouazzane<\/option><option value='11'>Meknes<\/option><option value='12'>Beni Mellal<\/option><option value='13'>Taounate<\/option><option value='14'>Fes<\/option><option value='15'>Kenitra<\/option><option value='16'>Larache<\/option><option value='17'>Beni ahmed<\/option><option value='18'>Jebha<\/option><option value='19'>Bab Berred<\/option><option value='20'>Targuist<\/option><option value='21'>Khemisset<\/option><option value='22'>Ksar El Kebir<\/option><option value='23'>Sidi Kacem<\/option><option value='24'>Al Hoceima<\/option><option value='25'>Nador<\/option><option value='26'>Sefrou<\/option><option value='27'>Safi<\/option><option value='28'>El Hajeb<\/option><option value='29'>Azrou<\/option><option value='30'>Sale<\/option><option value='31'>Assilah<\/option><option value='32'>Marrakech<\/option><option value='33'>Agadir<\/option><option value='34'>Tiflet<\/option><option value='35'>Midelt<\/option><option value='36'>Errachidia<\/option><option value='37'>Bel Ksiri<\/option><option value='38'>Khouribga<\/option><option value='39'>Fkih Ben Salah<\/option><option value='40'>Taza<\/option><option value='41'>Oujda<\/option><option value='42'>Khenifra<\/option><option value='43'>Essaouira<\/option><option value='44'>Rissani<\/option><option value='45'>Berkane<\/option><option value='46'>El Jadida<\/option><option value='47'>Tafraout<\/option><option value='48'>Inezgane<\/option><option value='49'>Imzouren<\/option><option value='50'>Sidi Slimane<\/option><option value='51'>El Kbab<\/option><option value='54'>Timahdite<\/option><option value='57'>Tinejdad<\/option><option value='58'>Bejaad<\/option><option value='61'>Kasba Tadla<\/option><option value='62'>Tinghir<\/option><option value='63'>Tantan<\/option><option value='64'>Ouarzazate<\/option><option value='65'>Arfoud<\/option><option value='66'>Oulmes<\/option><option value='67'>Mrirt<\/option><option value='68'>El Kelaa des Sraghna<\/option><option value='69'>Ifrane<\/option><option value='70'>Guercif<\/option><option value='71'>Al Aroui<\/option><option value='72'>Midar<\/option><option value='73'>Driouch<\/option><option value='74'>Taourirt<\/option><option value='75'>Boulemane<\/option><option value='76'>Missour<\/option><option value='77'>Ahfir<\/option><option value='78'>Issaguen<\/option><option value='79'>Oued Zem<\/option><option value='80'>Azilal<\/option><option value='81'>Berrechid<\/option><option value='82'>Boumalne Dades<\/option><option value='83'>Kelaat M&#039;Gouna<\/option><option value='84'>Rich<\/option><option value='86'>Tiznit<\/option><option value='87'>Ait Baha<\/option><option value='88'>Guelmim<\/option><option value='89'>Taroudant<\/option><option value='91'>Sidi Bennour<\/option><option value='92'>Zemamra<\/option><option value='94'>Settat<\/option><option value='96'>Amizmiz<\/option><option value='97'>Jorf El Melha<\/option><option value='100'>Moulay Yaacoub<\/option><option value='101'>Moulay Driss Zerhoun<\/option><option value='102'>Ghafsai<\/option><option value='103'>Jerada<\/option><option value='104'>Bouarfa<\/option><option value='105'>Alnif<\/option><option value='106'>Tazarine<\/option><option value='107'>Bni Tadjite<\/option><option value='109'>Outat El Haj<\/option><option value='110'>Tahla<\/option><option value='111'>Tata<\/option><option value='114'>Ain Leuh<\/option><option value='117'>Figuig<\/option><option value='120'>Tarfaya<\/option><option value='121'>Laayoune<\/option><option value='122'>Boujdour<\/option><option value='123'>Dakhla<\/option><option value='125'>Smara<\/option><option value='126'>Zagora<\/option><option value='129'>Aknoul<\/option><option value='130'>Kassita<\/option><option value='131'>Beni Bouayach<\/option><option value='132'>Mohammedia<\/option><option value='134'>Youssoufia<\/option><option value='135'>Echemmaia<\/option><option value='136'>Ketama<\/option><option value='137'>Tagounite<\/option><option value='139'>Oulad Ayad<\/option><option value='142'>Souk Elarbaa Du Gharb<\/option><option value='143'>Sebt Gzoula<\/option><option value='144'>El Attaouia<\/option><option value='146'>Zaio<\/option><option value='147'>Kariat Ba Mohamed<\/option><option value='148'>Goulmima<\/option><option value='149'>Chichaoua<\/option><option value='150'>Imintanoute<\/option><option value='151'>Biougra<\/option><option value='152'>Mernissa<\/option><option value='153'>Rommani<\/option><option value='154'>Souk Sebt Ouled Nemma<\/option><option value='155'>Bouizakarne<\/option><option value='156'>Ain Beni Mathar<\/option><option value='157'>Zerarda<\/option><option value='158'>Ribate El Kheir<\/option><option value='159'>Talsint<\/option><option value='160'>Tazenakht<\/option><option value='161'>Taliouine<\/option><option value='162'>Aoulouz<\/option><option value='163'>Ouled Berhil<\/option><option value='164'>Oulad Teima<\/option><option value='165'>Debdou<\/option><option value='166'>Ighrem<\/option><option value='167'>Akka<\/option><option value='168'>Teroual<\/option><option value='169'>Assa<\/option><option value='170'>Zag<\/option><option value='171'>Taghjijt<\/option><option value='172'>Fam El Hisn<\/option><option value='173'>Oualidia<\/option><option value='174'>Ait Attab<\/option><option value='175'>El Ksiba<\/option><option value='176'>Ait Amira<\/option><option value='177'>Foum Zguid<\/option><option value='178'>Tissint<\/option><option value='179'>Mhamid El Ghizlane<\/option><option value='180'>Mirleft<\/option><option value='181'>Sidi Ifni<\/option><option value='182'>El Jorf<\/option><option value='183'>Aounate<\/option><option value='184'>Dar Ould Zidouh<\/option><option value='185'>Sidi Rahal<\/option><option value='186'>Afourer<\/option>\r\n                    <\/select>\r\n                <\/div>\r\n                <div class=\"form-group\">\r\n                    <i class=\"fas fa-map-marker-alt\"><\/i>\r\n                    <select name=\"arrivee\" required>\r\n                        <option value=\"\">S\u00e9lectionner l&#039;arriv\u00e9e<\/option>\r\n                        <option value='1'>Tetouan<\/option><option value='3'>Rabat<\/option><option value='4'>Casablanca<\/option><option value='5'>Benguerir<\/option><option value='6'>Demnate<\/option><option value='7'>Tanger<\/option><option value='8'>Fnideq<\/option><option value='9'>Chefchaouen<\/option><option value='10'>Ouazzane<\/option><option value='11'>Meknes<\/option><option value='12'>Beni Mellal<\/option><option value='13'>Taounate<\/option><option value='14'>Fes<\/option><option value='15'>Kenitra<\/option><option value='16'>Larache<\/option><option value='17'>Beni ahmed<\/option><option value='18'>Jebha<\/option><option value='19'>Bab Berred<\/option><option value='20'>Targuist<\/option><option value='21'>Khemisset<\/option><option value='22'>Ksar El Kebir<\/option><option value='23'>Sidi Kacem<\/option><option value='24'>Al Hoceima<\/option><option value='25'>Nador<\/option><option value='26'>Sefrou<\/option><option value='27'>Safi<\/option><option value='28'>El Hajeb<\/option><option value='29'>Azrou<\/option><option value='30'>Sale<\/option><option value='31'>Assilah<\/option><option value='32'>Marrakech<\/option><option value='33'>Agadir<\/option><option value='34'>Tiflet<\/option><option value='35'>Midelt<\/option><option value='36'>Errachidia<\/option><option value='37'>Bel Ksiri<\/option><option value='38'>Khouribga<\/option><option value='39'>Fkih Ben Salah<\/option><option value='40'>Taza<\/option><option value='41'>Oujda<\/option><option value='42'>Khenifra<\/option><option value='43'>Essaouira<\/option><option value='44'>Rissani<\/option><option value='45'>Berkane<\/option><option value='46'>El Jadida<\/option><option value='47'>Tafraout<\/option><option value='48'>Inezgane<\/option><option value='49'>Imzouren<\/option><option value='50'>Sidi Slimane<\/option><option value='51'>El Kbab<\/option><option value='54'>Timahdite<\/option><option value='57'>Tinejdad<\/option><option value='58'>Bejaad<\/option><option value='61'>Kasba Tadla<\/option><option value='62'>Tinghir<\/option><option value='63'>Tantan<\/option><option value='64'>Ouarzazate<\/option><option value='65'>Arfoud<\/option><option value='66'>Oulmes<\/option><option value='67'>Mrirt<\/option><option value='68'>El Kelaa des Sraghna<\/option><option value='69'>Ifrane<\/option><option value='70'>Guercif<\/option><option value='71'>Al Aroui<\/option><option value='72'>Midar<\/option><option value='73'>Driouch<\/option><option value='74'>Taourirt<\/option><option value='75'>Boulemane<\/option><option value='76'>Missour<\/option><option value='77'>Ahfir<\/option><option value='78'>Issaguen<\/option><option value='79'>Oued Zem<\/option><option value='80'>Azilal<\/option><option value='81'>Berrechid<\/option><option value='82'>Boumalne Dades<\/option><option value='83'>Kelaat M&#039;Gouna<\/option><option value='84'>Rich<\/option><option value='86'>Tiznit<\/option><option value='87'>Ait Baha<\/option><option value='88'>Guelmim<\/option><option value='89'>Taroudant<\/option><option value='91'>Sidi Bennour<\/option><option value='92'>Zemamra<\/option><option value='94'>Settat<\/option><option value='96'>Amizmiz<\/option><option value='97'>Jorf El Melha<\/option><option value='100'>Moulay Yaacoub<\/option><option value='101'>Moulay Driss Zerhoun<\/option><option value='102'>Ghafsai<\/option><option value='103'>Jerada<\/option><option value='104'>Bouarfa<\/option><option value='105'>Alnif<\/option><option value='106'>Tazarine<\/option><option value='107'>Bni Tadjite<\/option><option value='109'>Outat El Haj<\/option><option value='110'>Tahla<\/option><option value='111'>Tata<\/option><option value='114'>Ain Leuh<\/option><option value='117'>Figuig<\/option><option value='120'>Tarfaya<\/option><option value='121'>Laayoune<\/option><option value='122'>Boujdour<\/option><option value='123'>Dakhla<\/option><option value='125'>Smara<\/option><option value='126'>Zagora<\/option><option value='129'>Aknoul<\/option><option value='130'>Kassita<\/option><option value='131'>Beni Bouayach<\/option><option value='132'>Mohammedia<\/option><option value='134'>Youssoufia<\/option><option value='135'>Echemmaia<\/option><option value='136'>Ketama<\/option><option value='137'>Tagounite<\/option><option value='139'>Oulad Ayad<\/option><option value='142'>Souk Elarbaa Du Gharb<\/option><option value='143'>Sebt Gzoula<\/option><option value='144'>El Attaouia<\/option><option value='146'>Zaio<\/option><option value='147'>Kariat Ba Mohamed<\/option><option value='148'>Goulmima<\/option><option value='149'>Chichaoua<\/option><option value='150'>Imintanoute<\/option><option value='151'>Biougra<\/option><option value='152'>Mernissa<\/option><option value='153'>Rommani<\/option><option value='154'>Souk Sebt Ouled Nemma<\/option><option value='155'>Bouizakarne<\/option><option value='156'>Ain Beni Mathar<\/option><option value='157'>Zerarda<\/option><option value='158'>Ribate El Kheir<\/option><option value='159'>Talsint<\/option><option value='160'>Tazenakht<\/option><option value='161'>Taliouine<\/option><option value='162'>Aoulouz<\/option><option value='163'>Ouled Berhil<\/option><option value='164'>Oulad Teima<\/option><option value='165'>Debdou<\/option><option value='166'>Ighrem<\/option><option value='167'>Akka<\/option><option value='168'>Teroual<\/option><option value='169'>Assa<\/option><option value='170'>Zag<\/option><option value='171'>Taghjijt<\/option><option value='172'>Fam El Hisn<\/option><option value='173'>Oualidia<\/option><option value='174'>Ait Attab<\/option><option value='175'>El Ksiba<\/option><option value='176'>Ait Amira<\/option><option value='177'>Foum Zguid<\/option><option value='178'>Tissint<\/option><option value='179'>Mhamid El Ghizlane<\/option><option value='180'>Mirleft<\/option><option value='181'>Sidi Ifni<\/option><option value='182'>El Jorf<\/option><option value='183'>Aounate<\/option><option value='184'>Dar Ould Zidouh<\/option><option value='185'>Sidi Rahal<\/option><option value='186'>Afourer<\/option>\r\n                    <\/select>\r\n                <\/div>\r\n                <button type=\"submit\">\r\n                    <i class=\"fas fa-search\"><\/i> Rechercher\r\n                <\/button>\r\n            <input type=\"hidden\" name=\"trp-form-language\" value=\"fr\"\/><\/form>\r\n        <\/div>        <div class=\"generic-schedule\">\r\n            <h2 class=\"subtitle-fr\">Bienvenue sur Maroc Jour<\/h2>\r\n            <p>Maroc Jour est un site marocain complet qui facilite votre quotidien en fournissant des informations fiables et \u00e0 jour dans divers domaines. Que vous cherchiez des services, des conseils de voyage ou des solutions pratiques, Maroc Jour est votre guide num\u00e9ro un.<\/p>\r\n\r\n            <h3>\ud83d\ude8c Horaires de Bus Intervilles<\/h3>\r\n            <p>Consultez les horaires des bus entre les principales villes marocaines. Comparez les prix et services des soci\u00e9t\u00e9s comme CTM, STCR, Wissam Dahabi, Sahara Voyage, et Al Ghazala.<\/p>\r\n\r\n            <h3>\ud83e\uddf3 Conseils de voyage<\/h3>\r\n            <ul>\r\n                <li><strong>Choisissez la bonne compagnie :<\/strong> Nous listons les horaires et services propos\u00e9s par les principales compagnies de transport.<\/li>\r\n                <li><strong>Assurance voyage :<\/strong> Non obligatoire mais fortement conseill\u00e9e. Des options existent \u00e0 partir de 50 DH.<\/li>\r\n                <li><strong>H\u00e9bergement :<\/strong> Utilisez des plateformes comme Booking ou HotelsCombined pour r\u00e9server facilement votre logement.<\/li>\r\n                <li><strong>Restaurants :<\/strong> Trouvez les meilleures options \u00e0 proximit\u00e9 gr\u00e2ce \u00e0 la g\u00e9olocalisation.<\/li>\r\n            <\/ul>\r\n\r\n            <h3>\u2708\ufe0f Pr\u00e9parer un voyage international<\/h3>\r\n            <p>Si vous continuez votre voyage vers l'international, voici quelques compagnies a\u00e9riennes populaires :<\/p>\r\n            <ul>\r\n                <li>Flynas<\/li>\r\n                <li>Saudia<\/li>\r\n                <li>Qatar Airways<\/li>\r\n                <li>Etihad Airways<\/li>\r\n                <li>Pegasus Airlines<\/li>\r\n            <\/ul>\r\n\r\n            <h3>\ud83d\udca1 En r\u00e9sum\u00e9<\/h3>\r\n            <p>Maroc Jour vous accompagne avec des infos fiables sur :<\/p>\r\n            <ul>\r\n                <li>Les horaires des bus<\/li>\r\n                <li>L\u2019assurance sant\u00e9<\/li>\r\n                <li>Les h\u00f4tels et restaurants<\/li>\r\n                <li>Les vols internationaux<\/li>\r\n            <\/ul>\r\n        <\/div>\r\n        <\/div>\t\t\t\t<\/div>\n\t\t\t\t<\/div>\n\t\t\t\t\t<\/div>\n\t\t\t\t<\/div>\n\t\t\t\t<\/div>","protected":false},"excerpt":{"rendered":"","protected":false},"author":2,"featured_media":0,"parent":0,"menu_order":0,"comment_status":"closed","ping_status":"closed","template":"","meta":{"_monsterinsights_skip_tracking":false,"_monsterinsights_sitenote_active":false,"_monsterinsights_sitenote_note":"","_monsterinsights_sitenote_category":0,"footnotes":""},"class_list":["post-1536","page","type-page","status-publish","hentry"],"blocksy_meta":{"page_title_panel":"","has_hero_section":"disabled","97ee15f25a4197e406aa66b5a6e1cc4a":"","hero_section":"type-1","hero_elements":[{"id":"custom_title","enabled":true,"heading_tag":"h1","title":"Home"},{"id":"custom_description","enabled":true,"description_visibility":{"desktop":true,"tablet":true,"mobile":false}},{"id":"custom_meta","enabled":false,"meta_elements":[{"id":"author","enabled":true,"label":"By","has_author_avatar":"yes","avatar_size":25},{"id":"post_date","enabled":true,"label":"On","date_format_source":"default","date_format":"M j, Y"},{"id":"updated_date","enabled":false,"label":"On","date_format_source":"default","date_format":"M j, Y"},{"id":"categories","enabled":false,"label":"In","style":"simple"},{"id":"comments","enabled":true}],"page_meta_elements":{"joined":true,"articles_count":true,"comments":true}},{"id":"breadcrumbs","enabled":false}],"e383a482344f65eacb9516af82d8ed80":"","hero_alignment1":"CT_CSS_SKIP_RULE","hero_margin":40,"hero_alignment2":"center","hero_vertical_alignment":"center","aa7b568f8a77bfd0b9648c22ccb00685":"","hero_structure":"narrow","b4ba0b41affd6111d96beeceb6f9817f":"","page_title_bg_type":"featured_image","custom_hero_background":{"attachment_id":null},"page_title_image_size":"full","parallax":{"desktop":false,"tablet":false,"mobile":false},"14d5fc5fd9b9278b692d6150f1075e8a":"","hero_height":"250px","pageTitleFont":{"family":"Default","variation":"Default","size":"30px","line-height":"CT_CSS_SKIP_RULE","letter-spacing":"CT_CSS_SKIP_RULE","text-transform":"CT_CSS_SKIP_RULE","text-decoration":"CT_CSS_SKIP_RULE"},"pageTitleFontColor":{"default":{"color":"CT_CSS_SKIP_RULEDEFAULT"}},"pageMetaFont":{"family":"Default","variation":"n6","size":"12px","line-height":"1.3","letter-spacing":"CT_CSS_SKIP_RULE","text-transform":"uppercase","text-decoration":"CT_CSS_SKIP_RULE"},"pageMetaFontColor":{"default":{"color":"CT_CSS_SKIP_RULEDEFAULT"},"hover":{"color":"CT_CSS_SKIP_RULEDEFAULT"}},"page_meta_button_type_font_colors":{"default":{"color":"CT_CSS_SKIP_RULEDEFAULT"},"hover":{"color":"CT_CSS_SKIP_RULEDEFAULT"}},"page_meta_button_type_background_colors":{"default":{"color":"CT_CSS_SKIP_RULEDEFAULT"},"hover":{"color":"CT_CSS_SKIP_RULEDEFAULT"}},"pageExcerptFont":{"family":"Default","variation":"Default","size":"CT_CSS_SKIP_RULE","line-height":"CT_CSS_SKIP_RULE","letter-spacing":"CT_CSS_SKIP_RULE","text-transform":"CT_CSS_SKIP_RULE","text-decoration":"CT_CSS_SKIP_RULE"},"pageExcerptColor":{"default":{"color":"CT_CSS_SKIP_RULEDEFAULT"}},"breadcrumbsFont":{"family":"Default","variation":"Default","size":"CT_CSS_SKIP_RULE","line-height":"CT_CSS_SKIP_RULE","letter-spacing":"CT_CSS_SKIP_RULE","text-transform":"CT_CSS_SKIP_RULE","text-decoration":"CT_CSS_SKIP_RULE"},"breadcrumbsFontColor":{"default":{"color":"CT_CSS_SKIP_RULEDEFAULT"},"initial":{"color":"CT_CSS_SKIP_RULEDEFAULT"},"hover":{"color":"CT_CSS_SKIP_RULEDEFAULT"}},"pageTitleOverlay":{"background_type":"color","background_pattern":"type-1","background_image":{"attachment_id":null,"x":0,"y":0},"gradient":"linear-gradient(135deg,rgba(6,147,227,1) 0%,rgb(155,81,224) 100%)","background_repeat":"repeat","background_size":"auto","background_attachment":"scroll","patternColor":{"default":{"color":"#e5e7ea"}},"overlayColor":{"default":{"color":"CT_CSS_SKIP_RULE"}},"backgroundColor":{"default":{"color":"CT_CSS_SKIP_RULE"}}},"pageTitleBackground":{"background_type":"color","background_pattern":"type-1","background_image":{"attachment_id":null,"x":0,"y":0},"gradient":"linear-gradient(135deg,rgba(6,147,227,1) 0%,rgb(155,81,224) 100%)","background_repeat":"repeat","background_size":"auto","background_attachment":"scroll","patternColor":{"default":{"color":"#e5e7ea"}},"overlayColor":{"default":{"color":"CT_CSS_SKIP_RULE"}},"backgroundColor":{"default":{"color":"var(--theme-palette-color-6)"}}},"pageTitlePadding":{"top":"50px","bottom":"50px","left":"auto","right":"auto","linked":true},"202f0cbc398d714e048b39197ae71e6d":"","page_structure_type":"default","854bd40f7f8b4d7a95aa3e0f49708ea4":"","content_style_source":"inherit","content_style":"wide","vertical_spacing_source":"custom","content_area_spacing":"none","background":{"background_type":"color","background_pattern":"type-1","background_image":{"attachment_id":null,"x":0,"y":0},"gradient":"linear-gradient(135deg,rgba(6,147,227,1) 0%,rgb(155,81,224) 100%)","background_repeat":"repeat","background_size":"auto","background_attachment":"scroll","patternColor":{"default":{"color":"#e5e7ea"}},"overlayColor":{"default":{"color":"CT_CSS_SKIP_RULE"}},"backgroundColor":{"default":{"color":"CT_CSS_SKIP_RULE"}}},"content_background":{"background_type":"color","background_pattern":"type-1","background_image":{"attachment_id":null,"x":0,"y":0},"gradient":"linear-gradient(135deg,rgba(6,147,227,1) 0%,rgb(155,81,224) 100%)","background_repeat":"repeat","background_size":"auto","background_attachment":"scroll","patternColor":{"default":{"color":"#e5e7ea"}},"overlayColor":{"default":{"color":"CT_CSS_SKIP_RULE"}},"backgroundColor":{"default":{"color":"var(--theme-palette-color-8)"}}},"content_boxed_shadow":{"inherit":false,"blur":18,"spread":-6,"v_offset":12,"h_offset":0,"inset":false,"enable":true,"color":{"color":"rgba(34, 56, 101, 0.04)"}},"content_boxed_border":{"width":1,"style":"none","color":{"color":"rgba(44,62,80,0.2)"}},"content_boxed_radius":{"top":"3px","bottom":"3px","left":"3px","right":"3px","linked":true},"boxed_content_spacing":{"desktop":{"top":"40px","bottom":"40px","left":"40px","right":"40px","linked":true},"tablet":{"top":"35px","bottom":"35px","left":"35px","right":"35px","linked":true},"mobile":{"top":"20px","bottom":"20px","left":"20px","right":"20px","linked":true}},"b0da049bbc9a67cf3a03559f10c8de95":"","disable_featured_image":"no","disable_share_box":"no","disable_header":"no","disable_footer":"no","styles_descriptor":{"styles":{"desktop":"","tablet":"","mobile":""},"google_fonts":[],"version":6}},"_links":{"self":[{"href":"https:\/\/marocjour.com\/fr\/wp-json\/wp\/v2\/pages\/1536","targetHints":{"allow":["GET"]}}],"collection":[{"href":"https:\/\/marocjour.com\/fr\/wp-json\/wp\/v2\/pages"}],"about":[{"href":"https:\/\/marocjour.com\/fr\/wp-json\/wp\/v2\/types\/page"}],"author":[{"embeddable":true,"href":"https:\/\/marocjour.com\/fr\/wp-json\/wp\/v2\/users\/2"}],"replies":[{"embeddable":true,"href":"https:\/\/marocjour.com\/fr\/wp-json\/wp\/v2\/comments?post=1536"}],"version-history":[{"count":7,"href":"https:\/\/marocjour.com\/fr\/wp-json\/wp\/v2\/pages\/1536\/revisions"}],"predecessor-version":[{"id":1849,"href":"https:\/\/marocjour.com\/fr\/wp-json\/wp\/v2\/pages\/1536\/revisions\/1849"}],"wp:attachment":[{"href":"https:\/\/marocjour.com\/fr\/wp-json\/wp\/v2\/media?parent=1536"}],"curies":[{"name":"wp","href":"https:\/\/api.w.org\/{rel}","templated":true}]}}